{"id":4,"date":"2023-06-12T16:05:11","date_gmt":"2023-06-12T16:05:11","guid":{"rendered":"https:\/\/susannes-trinkgeldbox.de\/?page_id=4"},"modified":"2026-02-11T08:57:45","modified_gmt":"2026-02-11T08:57:45","slug":"willkommen","status":"publish","type":"page","link":"https:\/\/susannes-trinkgeldbox.de\/","title":{"rendered":"Susannes Trinkgeldbox"},"content":{"rendered":"\n<div class=\"wp-block-group alignfull has-background is-layout-flow wp-block-group-is-layout-flow\" style=\"background-color:#f8f4e4\">\n<div class=\"wp-block-columns is-layout-flex wp-container-core-columns-is-layout-28f84493 wp-block-columns-is-layout-flex\">\n<div class=\"wp-block-column is-layout-flow wp-block-column-is-layout-flow\"><\/div>\n\n\n\n<div class=\"wp-block-column is-layout-flow wp-block-column-is-layout-flow\"><\/div>\n<\/div>\n\n\n\n<div class=\"wp-block-columns alignwide is-layout-flex wp-container-core-columns-is-layout-28f84493 wp-block-columns-is-layout-flex\">\n<div class=\"wp-block-column is-layout-flow wp-block-column-is-layout-flow\">\n<p class=\"has-text-align-center has-huge-font-size\"><\/p>\n\n\n\n<h6 class=\"wp-block-heading has-text-align-center has-text-color has-large-font-size\" id=\"ecosystem\" style=\"color:#000000\">Kleine Unterst\u00fctzung f\u00fcr eine leidenschaftliche 24\/7 DL<\/h6>\n\n\n\n<center>\n<form action=\"https:\/\/www.paypal.com\/donate\" method=\"post\" target=\"_top\">\n<input type=\"hidden\" name=\"hosted_button_id\" value=\"92YPGYPLVP2PS\" \/>\n<input type=\"image\" src=\"https:\/\/www.paypalobjects.com\/de_DE\/DE\/i\/btn\/btn_donateCC_LG.gif\" width=\"250\" height=\"150\" border=\"0\" name=\"submit\" title=\"PayPal - The safer, easier way to pay online!\" alt=\"Spenden mit dem PayPal-Button\" \/>\n<img loading=\"lazy\" decoding=\"async\" alt=\"\" border=\"0\" src=\"https:\/\/www.paypal.com\/de_DE\/i\/scr\/pixel.gif\" width=\"1\" height=\"1\" \/>\n<\/form>\n<\/center>\n\n\n\n<p class=\"has-text-align-center has-large-font-size\"><em><strong>Alternativ Paypal -&gt; susanne.poldi@diaperlover-model.com<\/strong><\/em><\/p>\n\n\n\n<p class=\"has-text-align-center has-medium-font-size\"><strong>F\u00fcr eine Spende muss man auch nicht zwingend bei PayPal sein.<\/strong><\/p>\n\n\n\n<p class=\"has-text-align-center\"><\/p>\n\n\n\n<p class=\"has-text-align-center\"><strong>Hin und wieder landen Freischaltung-Mails im Spam-Ordner, bitte auch dort nach schauen<\/strong><\/p>\n\n\n\n<div style=\"height:5px\" aria-hidden=\"true\" class=\"wp-block-spacer\"><\/div>\n<\/div>\n<\/div>\n\n\n\n<div class=\"wp-block-columns alignwide is-layout-flex wp-container-core-columns-is-layout-28f84493 wp-block-columns-is-layout-flex\">\n<div class=\"wp-block-column is-layout-flow wp-block-column-is-layout-flow\" style=\"flex-basis:33.38%\">\n<p class=\"has-text-align-center\"><\/p>\n\n\n\n<figure class=\"wp-block-image aligncenter size-large is-resized\"><img loading=\"lazy\" decoding=\"async\" width=\"1024\" height=\"768\" src=\"https:\/\/susannes-trinkgeldbox.de\/wp-content\/uploads\/2025\/04\/IMG_E8389-A-Kopie-A-1024x768.jpg\" alt=\"\" class=\"wp-image-140\" style=\"width:421px;height:auto\" srcset=\"https:\/\/susannes-trinkgeldbox.de\/wp-content\/uploads\/2025\/04\/IMG_E8389-A-Kopie-A-1024x768.jpg 1024w, https:\/\/susannes-trinkgeldbox.de\/wp-content\/uploads\/2025\/04\/IMG_E8389-A-Kopie-A-300x225.jpg 300w, https:\/\/susannes-trinkgeldbox.de\/wp-content\/uploads\/2025\/04\/IMG_E8389-A-Kopie-A-768x576.jpg 768w, https:\/\/susannes-trinkgeldbox.de\/wp-content\/uploads\/2025\/04\/IMG_E8389-A-Kopie-A-1536x1152.jpg 1536w, https:\/\/susannes-trinkgeldbox.de\/wp-content\/uploads\/2025\/04\/IMG_E8389-A-Kopie-A.jpg 2016w\" sizes=\"auto, (max-width: 1024px) 100vw, 1024px\" \/><\/figure>\n\n\n\n<figure class=\"wp-block-image aligncenter size-large is-resized\"><img loading=\"lazy\" decoding=\"async\" width=\"768\" height=\"1024\" src=\"https:\/\/susannes-trinkgeldbox.de\/wp-content\/uploads\/2025\/01\/IMG_4877-A-Kopie-A-768x1024.jpg\" alt=\"\" class=\"wp-image-118\" style=\"width:336px;height:auto\" srcset=\"https:\/\/susannes-trinkgeldbox.de\/wp-content\/uploads\/2025\/01\/IMG_4877-A-Kopie-A-768x1024.jpg 768w, https:\/\/susannes-trinkgeldbox.de\/wp-content\/uploads\/2025\/01\/IMG_4877-A-Kopie-A-225x300.jpg 225w, https:\/\/susannes-trinkgeldbox.de\/wp-content\/uploads\/2025\/01\/IMG_4877-A-Kopie-A-1152x1536.jpg 1152w, https:\/\/susannes-trinkgeldbox.de\/wp-content\/uploads\/2025\/01\/IMG_4877-A-Kopie-A.jpg 1512w\" sizes=\"auto, (max-width: 768px) 100vw, 768px\" \/><\/figure>\n\n\n\n<p class=\"has-text-align-center has-small-font-size\"><a href=\"https:\/\/www.diaperlover-model.com\/impressum\/\" data-type=\"link\" data-id=\"https:\/\/www.diaperlover-model.com\/impressum\/\">Impressum<\/a><\/p>\n\n\n\n<p class=\"has-text-align-center has-small-font-size\"><a href=\"https:\/\/www.diaperlover-model.com\/datenschutzerklaerung\/\" data-type=\"link\" data-id=\"https:\/\/www.diaperlover-model.com\/datenschutzerklaerung\/\">Datenschutz<\/a><\/p>\n\n\n\n<p><\/p>\n<\/div>\n\n\n\n<div class=\"wp-block-column is-layout-flow wp-block-column-is-layout-flow\" style=\"flex-basis:33%\">\n<p class=\"has-text-align-center has-medium-font-size\"><strong>\ud83c\udf38 Hallo und herzlich willkommen, liebe Besucher! \ud83c\udf38<\/strong><\/p>\n\n\n\n<p class=\"has-text-align-center\">Ich freue mich riesig, dass ihr den Weg zu meinem 24\/7-Bilderblog gefunden habt! \ud83d\udc95\ud83d\udcf7 Es ist mir eine echte Herzensangelegenheit, euch mit vielen Bildern \ud83d\udcf8, Clips \ud83c\udfa5 und Eindr\u00fccken aus meinem ganz normalen Alltag zu begeistern! \ud83c\udf08\ud83d\udcac<\/p>\n\n\n\n<p class=\"has-text-align-center\">So ein Blog bedeutet nat\u00fcrlich viel Zeit \u23f0, Energie \ud83d\udcaa \u2013 und ja, auch ein wenig finanzielle Unterst\u00fctzung \ud83d\udcb6.<br>Deshalb sammle ich Spenden f\u00fcr verschiedene Dinge, die ich als DL \ud83c\udf7c\ud83e\uddf7 im Alltag ben\u00f6tige. Mit eurer Hilfe kann ich den Blog weiter verbessern und noch liebevoller gestalten \ud83d\udc96\u2728<\/p>\n\n\n\n<p class=\"has-text-align-center\">\ud83d\udcac <strong>Wichtig:<\/strong><br>Bei mir findet ihr keine pornografischen Inhalte \ud83d\udeab\ud83c\udf51 oder sexuelle Dienstleistungen \ud83d\udeab\u274c \u2013 das geh\u00f6rt nicht zu meinem Blog und wird es auch nie geben. Ich teile gerne meinen Alltag mit euch \u2013 ehrlich, herzlich und mit viel Liebe \ud83d\udc9e<\/p>\n\n\n\n<p class=\"has-text-align-center\">Wenn euch mein Blog gef\u00e4llt, freue ich mich riesig \u00fcber eure Unterst\u00fctzung \ud83e\udd79\ud83d\ude4f Jede noch so kleine Hilfe \ud83e\udde1 tr\u00e4gt dazu bei, dass ich t\u00e4glich neue Eindr\u00fccke \ud83c\udf05, Outfits \ud83d\udc57 und Alltagsmomente \ud83e\uddfa mit euch teilen kann.<\/p>\n\n\n\n<p class=\"has-text-align-center\">\ud83c\udf81 Als kleines Dankesch\u00f6n bekommt ihr bei einer Unterst\u00fctzung ab 15\u202f\u20ac via PayPal \ud83d\udcb8 oder einem Amazon-Gutschein \u00fcber 20\u202f\u20ac \ud83c\udf81 auf Wunsch einen Monat Zugang zu meinem Premium-Blog \ud83d\udd10\ud83c\udf1f \u2013 mit exklusiven Einblicken und vielen Extras \ud83d\udc95\ud83d\udcf8<\/p>\n\n\n\n<p class=\"has-text-align-center\">\ud83d\udc96 Danke f\u00fcr euren Besuch, eure Nachrichten \ud83d\udc8c, Likes \u2764\ufe0f und eure Unterst\u00fctzung \ud83d\udc95 \u2013 ihr seid wundervoll! \ud83d\udc96<\/p>\n\n\n\n<figure class=\"wp-block-image aligncenter size-large is-resized\"><img loading=\"lazy\" decoding=\"async\" width=\"1024\" height=\"768\" src=\"https:\/\/susannes-trinkgeldbox.de\/wp-content\/uploads\/2025\/01\/IMG_8099-A-Kopie-A-1024x768.jpg\" alt=\"\" class=\"wp-image-122\" style=\"width:383px;height:auto\" srcset=\"https:\/\/susannes-trinkgeldbox.de\/wp-content\/uploads\/2025\/01\/IMG_8099-A-Kopie-A-1024x768.jpg 1024w, https:\/\/susannes-trinkgeldbox.de\/wp-content\/uploads\/2025\/01\/IMG_8099-A-Kopie-A-300x225.jpg 300w, https:\/\/susannes-trinkgeldbox.de\/wp-content\/uploads\/2025\/01\/IMG_8099-A-Kopie-A-768x576.jpg 768w, https:\/\/susannes-trinkgeldbox.de\/wp-content\/uploads\/2025\/01\/IMG_8099-A-Kopie-A-1536x1152.jpg 1536w, https:\/\/susannes-trinkgeldbox.de\/wp-content\/uploads\/2025\/01\/IMG_8099-A-Kopie-A.jpg 2016w\" sizes=\"auto, (max-width: 1024px) 100vw, 1024px\" \/><\/figure>\n\n\n\n<div class=\"wp-block-group has-global-padding is-layout-constrained wp-block-group-is-layout-constrained\"><\/div>\n<\/div>\n\n\n\n<div class=\"wp-block-column is-layout-flow wp-block-column-is-layout-flow\" style=\"flex-basis:33.62%\">\n<figure class=\"wp-block-image aligncenter size-large is-resized\"><img loading=\"lazy\" decoding=\"async\" width=\"1024\" height=\"768\" src=\"https:\/\/susannes-trinkgeldbox.de\/wp-content\/uploads\/2025\/01\/IMG_6783-A-Kopie-A-1024x768.jpg\" alt=\"\" class=\"wp-image-120\" style=\"width:331px;height:auto\" srcset=\"https:\/\/susannes-trinkgeldbox.de\/wp-content\/uploads\/2025\/01\/IMG_6783-A-Kopie-A-1024x768.jpg 1024w, https:\/\/susannes-trinkgeldbox.de\/wp-content\/uploads\/2025\/01\/IMG_6783-A-Kopie-A-300x225.jpg 300w, https:\/\/susannes-trinkgeldbox.de\/wp-content\/uploads\/2025\/01\/IMG_6783-A-Kopie-A-768x576.jpg 768w, https:\/\/susannes-trinkgeldbox.de\/wp-content\/uploads\/2025\/01\/IMG_6783-A-Kopie-A-1536x1152.jpg 1536w, https:\/\/susannes-trinkgeldbox.de\/wp-content\/uploads\/2025\/01\/IMG_6783-A-Kopie-A.jpg 2016w\" sizes=\"auto, (max-width: 1024px) 100vw, 1024px\" \/><\/figure>\n\n\n\n<p class=\"has-text-align-center\"><\/p>\n\n\n\n<figure class=\"wp-block-image aligncenter size-large is-resized\"><img loading=\"lazy\" decoding=\"async\" width=\"768\" height=\"1024\" src=\"https:\/\/susannes-trinkgeldbox.de\/wp-content\/uploads\/2025\/01\/IMG_8771-A-Kopie-A-768x1024.jpg\" alt=\"\" class=\"wp-image-123\" style=\"width:330px;height:auto\" srcset=\"https:\/\/susannes-trinkgeldbox.de\/wp-content\/uploads\/2025\/01\/IMG_8771-A-Kopie-A-768x1024.jpg 768w, https:\/\/susannes-trinkgeldbox.de\/wp-content\/uploads\/2025\/01\/IMG_8771-A-Kopie-A-225x300.jpg 225w, https:\/\/susannes-trinkgeldbox.de\/wp-content\/uploads\/2025\/01\/IMG_8771-A-Kopie-A-1152x1536.jpg 1152w, https:\/\/susannes-trinkgeldbox.de\/wp-content\/uploads\/2025\/01\/IMG_8771-A-Kopie-A.jpg 1512w\" sizes=\"auto, (max-width: 768px) 100vw, 768px\" \/><\/figure>\n<\/div>\n<\/div>\n<\/div>\n","protected":false},"excerpt":{"rendered":"<p>Kleine Unterst\u00fctzung f\u00fcr eine leidenschaftliche 24\/7 DL Alternativ Paypal -&gt; susanne.poldi@diaperlover-model.com F\u00fcr eine Spende muss man auch nicht zwingend bei PayPal sein. Hin und wieder landen Freischaltung-Mails im Spam-Ordner, bitte auch dort nach schauen Impressum Datenschutz \ud83c\udf38 Hallo und herzlich willkommen, liebe Besucher! \ud83c\udf38 Ich freue mich riesig, dass ihr den Weg zu meinem 24\/7-Bilderblog [&hellip;]<\/p>\n","protected":false},"author":1,"featured_media":145,"parent":0,"menu_order":0,"comment_status":"closed","ping_status":"closed","template":"","meta":{"footnotes":""},"class_list":["post-4","page","type-page","status-publish","has-post-thumbnail","hentry"],"_links":{"self":[{"href":"https:\/\/susannes-trinkgeldbox.de\/index.php?rest_route=\/wp\/v2\/pages\/4","targetHints":{"allow":["GET"]}}],"collection":[{"href":"https:\/\/susannes-trinkgeldbox.de\/index.php?rest_route=\/wp\/v2\/pages"}],"about":[{"href":"https:\/\/susannes-trinkgeldbox.de\/index.php?rest_route=\/wp\/v2\/types\/page"}],"author":[{"embeddable":true,"href":"https:\/\/susannes-trinkgeldbox.de\/index.php?rest_route=\/wp\/v2\/users\/1"}],"replies":[{"embeddable":true,"href":"https:\/\/susannes-trinkgeldbox.de\/index.php?rest_route=%2Fwp%2Fv2%2Fcomments&post=4"}],"version-history":[{"count":80,"href":"https:\/\/susannes-trinkgeldbox.de\/index.php?rest_route=\/wp\/v2\/pages\/4\/revisions"}],"predecessor-version":[{"id":162,"href":"https:\/\/susannes-trinkgeldbox.de\/index.php?rest_route=\/wp\/v2\/pages\/4\/revisions\/162"}],"wp:featuredmedia":[{"embeddable":true,"href":"https:\/\/susannes-trinkgeldbox.de\/index.php?rest_route=\/wp\/v2\/media\/145"}],"wp:attachment":[{"href":"https:\/\/susannes-trinkgeldbox.de\/index.php?rest_route=%2Fwp%2Fv2%2Fmedia&parent=4"}],"curies":[{"name":"wp","href":"https:\/\/api.w.org\/{rel}","templated":true}]}}